{"id":45,"date":"2014-07-07T20:00:58","date_gmt":"2014-07-07T20:00:58","guid":{"rendered":"http:\/\/intendo-plus.com\/zuhcsd\/?page_id=45"},"modified":"2022-04-11T07:28:02","modified_gmt":"2022-04-11T07:28:02","slug":"kontakt","status":"publish","type":"page","link":"https:\/\/intendo-plus.com\/zuhcsd\/?page_id=45","title":{"rendered":"Kontakt"},"content":{"rendered":"<p style=\"text-align: center;\"><a href=\"http:\/\/intendo-plus.com\/zuhcsd\/wp-content\/uploads\/2014\/07\/g.jpg\"><img decoding=\"async\" loading=\"lazy\" class=\"alignnone  wp-image-62\" src=\"http:\/\/intendo-plus.com\/zuhcsd\/wp-content\/uploads\/2014\/07\/g-320x198.jpg\" alt=\"Contact Us\" width=\"310\" height=\"191\"><\/a><\/p>\n<p><strong>Zajednica udruga hrvatskih civilnih stradalnika iz Domovinskog rata Hrvatske<\/strong><\/p>\n<p>adresa: Tkal\u010di\u0107eva 33, Zagreb<\/p>\n<p>tel\/fax 01 48 27 233<\/p>\n<p>mail:&nbsp;<a href=\"mailto:zuhcsdr@gmail.com\">zuhcsdr@gmail.com<\/a><\/p>\n<p>Predsjednica Zajednice udruga: Julijana Rosandi\u0107 (kontakt:&nbsp;098 872 018)<\/p>\n<p>Dopredsjednice Zajednice: Ru\u017eica Bisaha i Ljubica Krci\u0107<\/p>\n<p>Tajnica Zajednice: Slavica Marinovi\u0107 (kontakt:&nbsp;091 595 33 93)<\/p>\n<p>&nbsp;<\/p>\n<p>&nbsp;<\/p>\n","protected":false},"excerpt":{"rendered":"<p>Zajednica udruga hrvatskih civilnih stradalnika iz Domovinskog rata Hrvatske adresa: Tkal\u010di\u0107eva 33, Zagreb tel\/fax 01 48 27 233 mail:&nbsp;zuhcsdr@gmail.com Predsjednica Zajednice udruga: Julijana Rosandi\u0107 (kontakt:&nbsp;098 872 018) Dopredsjednice Zajednice: Ru\u017eica Bisaha i Ljubica Krci\u0107 Tajnica Zajednice: Slavica Marinovi\u0107 (kontakt:&nbsp;091 595 33 93) &nbsp; &nbsp;<\/p>\n","protected":false},"author":1,"featured_media":0,"parent":0,"menu_order":6,"comment_status":"closed","ping_status":"closed","template":"fullwidth-page.php","meta":{"ngg_post_thumbnail":0},"_links":{"self":[{"href":"https:\/\/intendo-plus.com\/zuhcsd\/index.php?rest_route=\/wp\/v2\/pages\/45"}],"collection":[{"href":"https:\/\/intendo-plus.com\/zuhcsd\/index.php?rest_route=\/wp\/v2\/pages"}],"about":[{"href":"https:\/\/intendo-plus.com\/zuhcsd\/index.php?rest_route=\/wp\/v2\/types\/page"}],"author":[{"embeddable":true,"href":"https:\/\/intendo-plus.com\/zuhcsd\/index.php?rest_route=\/wp\/v2\/users\/1"}],"replies":[{"embeddable":true,"href":"https:\/\/intendo-plus.com\/zuhcsd\/index.php?rest_route=%2Fwp%2Fv2%2Fcomments&post=45"}],"version-history":[{"count":15,"href":"https:\/\/intendo-plus.com\/zuhcsd\/index.php?rest_route=\/wp\/v2\/pages\/45\/revisions"}],"predecessor-version":[{"id":2796,"href":"https:\/\/intendo-plus.com\/zuhcsd\/index.php?rest_route=\/wp\/v2\/pages\/45\/revisions\/2796"}],"wp:attachment":[{"href":"https:\/\/intendo-plus.com\/zuhcsd\/index.php?rest_route=%2Fwp%2Fv2%2Fmedia&parent=45"}],"curies":[{"name":"wp","href":"https:\/\/api.w.org\/{rel}","templated":true}]}}