{"id":2620,"date":"2020-01-30T10:14:35","date_gmt":"2020-01-30T10:14:35","guid":{"rendered":"http:\/\/intendo-plus.com\/zuhcsd\/?page_id=2620"},"modified":"2020-01-31T08:48:59","modified_gmt":"2020-01-31T08:48:59","slug":"baza-znanja","status":"publish","type":"page","link":"https:\/\/intendo-plus.com\/zuhcsd\/?page_id=2620","title":{"rendered":"BAZA ZNANJA"},"content":{"rendered":"<p><a href=\"http:\/\/intendo-plus.com\/zuhcsd\/wp-content\/uploads\/2020\/01\/baza_znanja-za-drustveni-razvoj-logo-final-Copy.jpg\"><img decoding=\"async\" loading=\"lazy\" class=\"alignnone size-medium wp-image-2625\" src=\"http:\/\/intendo-plus.com\/zuhcsd\/wp-content\/uploads\/2020\/01\/baza_znanja-za-drustveni-razvoj-logo-final-Copy-320x146.jpg\" alt=\"baza_znanja za drustveni razvoj - logo - final - Copy\" width=\"300\" height=\"136\" \/><\/a><\/p>\n<p><a href=\"http:\/\/intendo-plus.com\/zuhcsd\/wp-content\/uploads\/2020\/01\/Javne-politike___predavanja-za-Zajednicu.pdf\">Javne politike___predavanja za Zajednicu<\/a><\/p>\n<p><a href=\"http:\/\/intendo-plus.com\/zuhcsd\/wp-content\/uploads\/2020\/01\/ZAJEDNICA-UDRUGA-HRVATSKIH-CIVILNIH-STRADALNIKA-IZ-DOMOVINSKOG-RATA.pdf\">ZAJEDNICA UDRUGA HRVATSKIH CIVILNIH STRADALNIKA IZ DOMOVINSKOG RATA<\/a><\/p>\n<p><a href=\"http:\/\/intendo-plus.com\/zuhcsd\/wp-content\/uploads\/2020\/01\/25-GODINA-DJELOVANJA-ZUHCSDR-PREZENTACIJA.pdf\">25 GODINA DJELOVANJA &#8211; ZUHCSDR PREZENTACIJA<\/a><\/p>\n<p><a href=\"http:\/\/intendo-plus.com\/zuhcsd\/wp-content\/uploads\/2020\/01\/Evaluacija-Tribine-za-djecu-stradalnike-rata_GKJ-2.pdf\">Evaluacija Tribine za djecu stradalnike rata_GKJ\u00a0<\/a><\/p>\n<p><a href=\"http:\/\/intendo-plus.com\/zuhcsd\/wp-content\/uploads\/2020\/01\/1_Tehnike-uspje\u0161nog-komuniciranja-1.pdf\">Tehnike uspje\u0161nog komuniciranja\u00a0<\/a><\/p>\n<p><a href=\"http:\/\/intendo-plus.com\/zuhcsd\/?p=2498\">Pravila protokola i poslovni bonton<\/a><\/p>\n<p><a href=\"http:\/\/intendo-plus.com\/zuhcsd\/?p=2606\">Javni nastup i komunikacija na dru\u0161tv.mre\u017eama<\/a><\/p>\n<p><a href=\"http:\/\/intendo-plus.com\/zuhcsd\/?p=2254\">Tribina<\/a><\/p>\n<p><a href=\"http:\/\/intendo-plus.com\/zuhcsd\/?p=2103\">Edukacija: Javne politike u Hrvatskoj<\/a><\/p>\n<p><a href=\"http:\/\/intendo-plus.com\/zuhcsd\/?p=1963\">Edukacija: Tehnike uspje\u0161nog komuniciranja s javno\u0161\u0107u<\/a><\/p>\n<p>&nbsp;<\/p>\n<p>&nbsp;<\/p>\n","protected":false},"excerpt":{"rendered":"<p>Javne politike___predavanja za Zajednicu ZAJEDNICA UDRUGA HRVATSKIH CIVILNIH STRADALNIKA IZ DOMOVINSKOG RATA 25 GODINA DJELOVANJA &#8211; ZUHCSDR PREZENTACIJA Evaluacija Tribine za djecu stradalnike rata_GKJ\u00a0 Tehnike uspje\u0161nog komuniciranja\u00a0 Pravila protokola i poslovni bonton Javni nastup i komunikacija na dru\u0161tv.mre\u017eama Tribina Edukacija: Javne politike u Hrvatskoj Edukacija: Tehnike uspje\u0161nog komuniciranja s javno\u0161\u0107u &nbsp; &nbsp;<\/p>\n","protected":false},"author":1,"featured_media":0,"parent":0,"menu_order":0,"comment_status":"closed","ping_status":"closed","template":"","meta":{"ngg_post_thumbnail":0},"_links":{"self":[{"href":"https:\/\/intendo-plus.com\/zuhcsd\/index.php?rest_route=\/wp\/v2\/pages\/2620"}],"collection":[{"href":"https:\/\/intendo-plus.com\/zuhcsd\/index.php?rest_route=\/wp\/v2\/pages"}],"about":[{"href":"https:\/\/intendo-plus.com\/zuhcsd\/index.php?rest_route=\/wp\/v2\/types\/page"}],"author":[{"embeddable":true,"href":"https:\/\/intendo-plus.com\/zuhcsd\/index.php?rest_route=\/wp\/v2\/users\/1"}],"replies":[{"embeddable":true,"href":"https:\/\/intendo-plus.com\/zuhcsd\/index.php?rest_route=%2Fwp%2Fv2%2Fcomments&post=2620"}],"version-history":[{"count":9,"href":"https:\/\/intendo-plus.com\/zuhcsd\/index.php?rest_route=\/wp\/v2\/pages\/2620\/revisions"}],"predecessor-version":[{"id":2645,"href":"https:\/\/intendo-plus.com\/zuhcsd\/index.php?rest_route=\/wp\/v2\/pages\/2620\/revisions\/2645"}],"wp:attachment":[{"href":"https:\/\/intendo-plus.com\/zuhcsd\/index.php?rest_route=%2Fwp%2Fv2%2Fmedia&parent=2620"}],"curies":[{"name":"wp","href":"https:\/\/api.w.org\/{rel}","templated":true}]}}