{"id":2,"date":"2014-07-07T18:34:41","date_gmt":"2014-07-07T18:34:41","guid":{"rendered":"http:\/\/intendo-plus.com\/zuhcsd\/?page_id=2"},"modified":"2014-07-09T09:05:03","modified_gmt":"2014-07-09T09:05:03","slug":"sample-page","status":"publish","type":"page","link":"https:\/\/intendo-plus.com\/zuhcsd\/?page_id=2","title":{"rendered":"O Zajednici"},"content":{"rendered":"<div style=\"color: #222222;\"><\/div>\n<p>Datum osnivanja Zajednice: 16. 12.1995.<\/p>\n<p>Zajednica udruga hrvatskih civilnih stradalnika iz Domovinskog rata Hrvatske djeluje na podru\u010dju Republike Hrvatske. \u010clanice Zajednice udruga su Udruge civilnih stradalnika iz Domovinskog rata osnovane na podru\u010dju \u017eupanija.<\/p>\n<p><strong>Zajednica udruga ostvaruje sljede\u0107e djelatnosti:<\/strong><\/p>\n<p>&#8211; zastupa interese svih \u010dlanica kod nadle\u017enih tijela<br \/>\n&#8211; osigurava redovit protok informacija relevantnih za rad svojih \u010dlanica<br \/>\n&#8211; osigurava kvalitetu kod zajedni\u010dkog organiziranja nastupa na promotivnim akcijama<br \/>\n&#8211; sura\u0111uje s doma\u0107im, inozemnim i me\u0111unarodnim organizacijama<br \/>\n&#8211; uspostavlja br\u017ei protok stru\u010dnih informacija, ideja i mi\u0161ljenja<br \/>\n&#8211; organizira izlo\u017ebe, seminare, stru\u010dna predavanja i studijska putovanja<br \/>\n&#8211; obavlja i druge poslove koji pridonose ostvarivanju ciljeva i djelatnosti Zajednice<\/p>\n<p><strong>\u010clanice Zajednice udruga okupljaju sljede\u0107e kategorije stradalnika:<\/strong><\/p>\n<p>&#8211; obitelji poginulih i nestalih<br \/>\n&#8211; obitelji poginule djece<br \/>\n&#8211; invalidi<br \/>\n&#8211; invalidi &#8211; ranjeni kao djeca<br \/>\n&#8211; zato\u010denici sprskih koncentracijskih logora<\/p>\n<p>Nadle\u017eno ministarstvo za civilne stradalnike je Ministarstvo branitelja.<\/p>\n<p><strong>Tijela Zajednice:\u00a0<\/strong>Sabor Zajednice, Izvr\u0161ni odbor, Nadzorni odbor<\/p>\n<p>Zajednica ima 11 \u017eupanijskih udruga registriranih na podru\u010djima \u017eupanija sa sjedi\u0161tima u Zagrebu,Zadru, Karlovcu, Daruvaru, Osijeku, Slavonskom Brodu, Vinkovcima, Sisku, Pakracu, Dubrovniku, \u0160ibeniku.<\/p>\n<p><strong>Ciljevi osnivanja sukladno Statutu<\/strong> Udru\u017eivanje radi br\u017eeg i u\u010dinkovitijeg ostvarivanja prava i interesa udru\u017eenih \u010dlanica (\u017eupanijskih udruga) poticanje okupljanja civilnih stradalnika Domovinskog rata.<\/p>\n<p><strong>Svrha i podru\u010dje djelovanja<\/strong><\/p>\n<p>Zajednica zastupa interese svih \u010dlanica kod nadle\u017enih tijela, osigurava protok informacija, ideja i mi\u0161ljenja koja doprinose ostvarivanju ciljeva.<\/p>\n<p><strong>Djelatnost organizacije sukladno Statutu<\/strong><\/p>\n<p>Osigurava kvalitetu zajedni\u010dkog nastupa na promotivnim akcijama, suradnju s doma\u0107im i inozemnim i me\u0111unarodnim organizacijama, organizira stru\u010dna predavanja, tribine, seminare, studijska putovanja i konferencije.<\/p>\n<p>Zajednica udruga je \u010dlanica Regionalne koordinacije udruga obitelji nestalih osoba na podru\u010dju biv\u0161e Jugoslavije.<\/p>\n<p>Me\u0111unarodna suradnja: ICMP (International Commission on Missing Persons), suradnja traje od 2008. vezana za pitanje nestalih osoba<\/p>\n<p><a href=\"http:\/\/www.ic-mp.org\/\">http:\/\/www.ic-mp.org\/<\/a><\/p>\n<p>&nbsp;<\/p>\n","protected":false},"excerpt":{"rendered":"<p>Datum osnivanja Zajednice: 16. 12.1995. Zajednica udruga hrvatskih civilnih stradalnika iz Domovinskog rata Hrvatske djeluje na podru\u010dju Republike Hrvatske. \u010clanice Zajednice udruga su Udruge civilnih stradalnika iz Domovinskog rata osnovane na podru\u010dju \u017eupanija. Zajednica udruga ostvaruje sljede\u0107e djelatnosti: &#8211; zastupa interese svih \u010dlanica kod nadle\u017enih tijela &#8211; osigurava redovit protok informacija relevantnih za rad svojih&#8230; <a class=\"more\" href=\"https:\/\/intendo-plus.com\/zuhcsd\/?page_id=2\">Continue reading &rarr;<\/a><\/p>\n","protected":false},"author":1,"featured_media":0,"parent":0,"menu_order":0,"comment_status":"closed","ping_status":"closed","template":"","meta":{"ngg_post_thumbnail":0},"_links":{"self":[{"href":"https:\/\/intendo-plus.com\/zuhcsd\/index.php?rest_route=\/wp\/v2\/pages\/2"}],"collection":[{"href":"https:\/\/intendo-plus.com\/zuhcsd\/index.php?rest_route=\/wp\/v2\/pages"}],"about":[{"href":"https:\/\/intendo-plus.com\/zuhcsd\/index.php?rest_route=\/wp\/v2\/types\/page"}],"author":[{"embeddable":true,"href":"https:\/\/intendo-plus.com\/zuhcsd\/index.php?rest_route=\/wp\/v2\/users\/1"}],"replies":[{"embeddable":true,"href":"https:\/\/intendo-plus.com\/zuhcsd\/index.php?rest_route=%2Fwp%2Fv2%2Fcomments&post=2"}],"version-history":[{"count":18,"href":"https:\/\/intendo-plus.com\/zuhcsd\/index.php?rest_route=\/wp\/v2\/pages\/2\/revisions"}],"predecessor-version":[{"id":217,"href":"https:\/\/intendo-plus.com\/zuhcsd\/index.php?rest_route=\/wp\/v2\/pages\/2\/revisions\/217"}],"wp:attachment":[{"href":"https:\/\/intendo-plus.com\/zuhcsd\/index.php?rest_route=%2Fwp%2Fv2%2Fmedia&parent=2"}],"curies":[{"name":"wp","href":"https:\/\/api.w.org\/{rel}","templated":true}]}}